{"id":5759,"date":"2024-02-19T08:52:23","date_gmt":"2024-02-19T15:52:23","guid":{"rendered":"http:\/\/degastaging.memberhost.io\/?page_id=5759"},"modified":"2024-02-28T13:20:35","modified_gmt":"2024-02-28T20:20:35","slug":"privacy-policy","status":"publish","type":"page","link":"https:\/\/degastaging.memberhost.io\/es\/privacy-policy\/","title":{"rendered":"pol\u00edtica de privacidad"},"content":{"rendered":"<div style=\"height:42px\" aria-hidden=\"true\" class=\"wp-block-spacer\"><\/div>\n\n\n\n<p class=\"has-medium-font-size\"><strong>1.<\/strong> <strong>EL COMPROMISO DE LA ESCUELA DIGITAL<\/strong><\/p>\n\n\n\n<p>1.1 Nosotros, <strong>La ESCUELA DIGITAL<\/strong>, proporcionar y administrar la Academia Global del Educador Digital (<strong>DEGA<\/strong>) plataforma de aprendizaje (nuestra <strong>Servicios<\/strong>).<\/p>\n\n\n\n<p>1.2. Nuestros Servicios ofrecen oportunidades para interactuar con usted de muchas maneras diferentes y, cuando interactuamos con usted, podemos recopilar informaci\u00f3n suya, incluidos datos personales. Usted conf\u00eda en que cuidaremos esa informaci\u00f3n y nos comprometemos a proteger sus derechos y su privacidad.<\/p>\n\n\n\n<p>1.3. Cuando nos referimos a <strong>La ESCUELA DIGITAL, nosotros, nos<\/strong> y <strong>nuestro<\/strong>, nos referimos a The Digital School, una organizaci\u00f3n ben\u00e9fica sin fines de lucro, debidamente establecida bajo las leyes de Dubai y registrada por el Departamento de Actividades Caritativas de Asuntos Isl\u00e1micos bajo la Licencia de Pr\u00e1ctica n\u00famero A99, que tiene su direcci\u00f3n principal en 49<sup>El<\/sup> piso, Emirates Towers, Sheikh Zayed Road, PO Box 211100, Dubai, Emiratos \u00c1rabes Unidos.<\/p>\n\n\n\n<p>1.4. Cuando nos referimos a usuario, su y usted, nos referimos a usuarios de nuestros Servicios o menores en nombre de los cuales usted env\u00eda Datos Personales.<\/p>\n\n\n\n<div style=\"height:20px\" aria-hidden=\"true\" class=\"wp-block-spacer\"><\/div>\n\n\n\n<p class=\"has-medium-font-size\"><strong>2. INTRODUCCI\u00d3N<\/strong><\/p>\n\n\n\n<p>2.1. Esta Pol\u00edtica de Privacidad se aplica a su uso de nuestros Servicios.<\/p>\n\n\n\n<p>2.2. Cuando nos referimos a Datos Personales, nos referimos a cualquier informaci\u00f3n sobre una persona a partir de la cual se pueda identificar a dicha persona. No incluye datos en los que se ha eliminado la identidad, a los que se denomina datos an\u00f3nimos.<\/p>\n\n\n\n<p>2.3. Esta Pol\u00edtica de privacidad explica c\u00f3mo recopilamos, almacenamos, procesamos y utilizamos sus Datos personales como parte de nuestros Servicios. Tambi\u00e9n describe las opciones disponibles para usted con respecto a nuestro uso de sus Datos personales y c\u00f3mo puede acceder y actualizar sus Datos personales.<\/p>\n\n\n\n<p>2.4. Esta Pol\u00edtica de Privacidad est\u00e1 de conformidad con el Decreto Federal \u2013 Ley N\u00b0 45\/2021 sobre Protecci\u00f3n de Datos Personales (el <strong>&#039;Legislaci\u00f3n de Protecci\u00f3n de Datos&#039;<\/strong>).<\/p>\n\n\n\n<div style=\"height:20px\" aria-hidden=\"true\" class=\"wp-block-spacer\"><\/div>\n\n\n\n<p class=\"has-medium-font-size\"><strong>3. \u00cdNDICE<\/strong><\/p>\n\n\n\n<p>3.1 Tipo de informaci\u00f3n que recopilamos<\/p>\n\n\n\n<p>3.2. Consent<\/p>\n\n\n\n<p>3.3 C\u00f3mo utilizamos sus datos personales<\/p>\n\n\n\n<p>3.4 Sus derechos y opciones en materia de protecci\u00f3n de datos<\/p>\n\n\n\n<p>3.5. Otra informaci\u00f3n importante<\/p>\n\n\n\n<div style=\"height:20px\" aria-hidden=\"true\" class=\"wp-block-spacer\"><\/div>\n\n\n\n<p class=\"has-medium-font-size\"><strong>4. TIPO DE INFORMACI\u00d3N QUE RECOPILAMOS<\/strong><\/p>\n\n\n\n<p>4.1. Podemos recopilar y procesar los siguientes datos personales u otra informaci\u00f3n sobre usted en formato electr\u00f3nico y\/o f\u00edsico:<\/p>\n\n\n\n<ol>\n<ol type=\"a\">\n   <li>Si est\u00e1 interesado en inscribirse y\/o registrarse en una de nuestras iniciativas, es posible que env\u00ede y recopile la siguiente informaci\u00f3n:<\/li>\n   <br>\n   <ol type=\"i\">\n      <li>Su informaci\u00f3n personal, como nombres, t\u00edtulo, direcci\u00f3n postal, direcci\u00f3n de correo electr\u00f3nico, n\u00famero de tel\u00e9fono, fechas de nacimiento, g\u00e9nero, informaci\u00f3n ocupacional, informaci\u00f3n de identificaci\u00f3n emitida por el gobierno, informaci\u00f3n de visas, creencias religiosas, etc.<\/li>\n      <br>\n\n      <li>Informaci\u00f3n de admisiones e inscripci\u00f3n, incluida su informaci\u00f3n profesional, incluidos antecedentes educativos, inscripciones y finalizaciones de cursos, adem\u00e1s de datos de evaluaci\u00f3n y logros;<\/li>\n      <br>\n      <li>Informaci\u00f3n sobre su computadora, incluyendo, cuando est\u00e9 disponible, la direcci\u00f3n IP de su computadora\/servidor proxy que utiliza para acceder a Internet, su tipo de navegador web, tipo de dispositivo m\u00f3vil y sistema operativo de la computadora, para analizar tendencias entre nuestros usuarios y ayudar a mejorar la plataforma.<\/li>\n   <\/ol>\n<\/ol>\n<\/ol>\n\n\n\n<div style=\"height:20px\" aria-hidden=\"true\" class=\"wp-block-spacer\"><\/div>\n\n\n\n<p class=\"has-medium-font-size\"><strong>5. CONSENT<\/strong><\/p>\n\n\n\n<p>5.1. Al enviarnos informaci\u00f3n, usted da su consentimiento para que recopilemos, almacenemos y procesemos su informaci\u00f3n de conformidad con esta Pol\u00edtica de privacidad. Tiene derecho a solicitar que detengamos cualquier procesamiento basado en el consentimiento de su informaci\u00f3n personal despu\u00e9s de retirar dicho consentimiento.<\/p>\n\n\n\n<p>5.2. Tiene derecho a solicitarnos que no procesemos su informaci\u00f3n personal con fines comerciales.<\/p>\n\n\n\n<div style=\"height:20px\" aria-hidden=\"true\" class=\"wp-block-spacer\"><\/div>\n\n\n\n<p class=\"has-medium-font-size\"><strong>6<strong><strong><strong><strong><strong>. <\/strong><\/strong><\/strong><\/strong><\/strong>C\u00d3MO UTILIZAMOS SUS DATOS PERSONALES<\/strong><\/p>\n\n\n\n<p>6.1. Utilizaremos la informaci\u00f3n que nos proporcione de las siguientes maneras para los siguientes fines:<\/p>\n\n\n\n<ol>\n<ol type=\"a\">\n   <li>Para registrarse y responder a su solicitud<\/li>\n   <br>\n   <li>Para brindarle los servicios y la funcionalidad ofrecidos a trav\u00e9s de la plataforma y cumplir con sus solicitudes, lo que incluye, entre otros, comunicarnos con usted sobre su consulta o uso del Sitio, los servicios o la funcionalidad.<\/li>\n   <br>\n   <li>Para responder o dar seguimiento a sus comentarios y preguntas y, de otro modo, brindar servicio al cliente.<\/li>\n   <br>\n   <li>Para operar y mejorar el Sitio, los servicios y la funcionalidad y personalizar su experiencia en el Sitio, incluidos los resultados de b\u00fasqueda y la visualizaci\u00f3n de promociones relevantes.<\/li>\n   <br>\n   <li>Para garantizar que el Sitio se presente de la manera m\u00e1s efectiva para usted y su computadora.<\/li>\n   <br>\n   <li>Para brindarle informaci\u00f3n, productos o servicios que usted nos solicite o que consideremos que puedan interesarle, con base en la informaci\u00f3n que recopilemos de las cookies o cuando usted haya dado su consentimiento para ser contactado para tales fines.<\/li>\n   <br>\n   <li>Para chatear con usted o responder a sus consultas por correo electr\u00f3nico o formularios de contacto en nuestro sitio web;<\/li>\n   <br>\n   <li>Para realizar encuestas ocasionalmente para asegurarnos de que le proporcionamos lo que le interesa.<\/li>\n   <br>\n   <li>Para realizar an\u00e1lisis estad\u00edstico.<\/li>\n   <br>\n   <li>Para proteger, investigar y disuadir actividades fraudulentas, no autorizadas o ilegales, incluso cuando consideremos que es necesario para proteger nuestros intereses.<\/li>\n   <br>\n   <li>Para cumplir con nuestras obligaciones derivadas de cualquier contrato celebrado entre usted y nosotros.<\/li>\n   <br>\n   <li>Para permitirle participar en cualquier funci\u00f3n interactiva del Sitio, cuando elija hacerlo.<\/li>\n   <br>\n   <li>Promover los objetivos e intereses de la Escuela Digital, incluida la recaudaci\u00f3n de fondos y el marketing.<\/li>\n   <br>\n   <li>Enviarle materiales promocionales u otras comunicaciones de marketing a trav\u00e9s de diversos canales (por ejemplo, por correo electr\u00f3nico y redes sociales);<\/li>\n   <br>\n   <li>Crea y administra tu cuenta en l\u00ednea;<\/li>\n   <br>\n   <li>Operar y comunicarnos con usted a trav\u00e9s de nuestras p\u00e1ginas de redes sociales o aplicaciones m\u00f3viles;<\/li>\n   <br>\n   <li>Operar, evaluar y mejorar nuestro negocio (incluido el desarrollo de nuevos productos y servicios; la mejora y perfeccionamiento de nuestros servicios; la gesti\u00f3n de nuestras comunicaciones; el an\u00e1lisis de nuestros productos; la realizaci\u00f3n de an\u00e1lisis de datos; y la realizaci\u00f3n de funciones contables, de auditor\u00eda y otras funciones internas);<\/li>\n   <br>\n   <li>Para notificarle sobre cambios en nuestros servicios.<\/li>\n   <br>\n   <li>Seg\u00fan lo consienta usted y lo permita la ley aplicable.<\/li>\n   <br>\n   <li>Cumplir con los requisitos legales aplicables, los est\u00e1ndares relevantes de la industria y nuestras pol\u00edticas.<\/li>\n<\/ol>\n<\/ol>\n\n\n\n<p>6.2. Tambi\u00e9n podemos utilizar la informaci\u00f3n de otras maneras, para lo cual le informaremos espec\u00edficamente al momento de la recopilaci\u00f3n. La informaci\u00f3n recopilada es necesaria para los fines establecidos anteriormente. Sin esta informaci\u00f3n, es posible que no pueda aprovechar algunos de nuestros Servicios.<\/p>\n\n\n\n<p>6.3. A continuaci\u00f3n, detallamos la base legal para el uso que hacemos de sus Datos Personales. Utilizaremos la informaci\u00f3n que nos proporcione para los fines antes mencionados si:<\/p>\n\n\n\n<ol>\n<ol type=\"a\">\n   <li>Es necesario para ejecutar un contrato del que usted es parte (por ejemplo, para procesar su pago y entregar los productos que ha pedido); o<\/li>\n   <br>\n   <li>Hemos obtenido su consentimiento.<\/li>\n<\/ol>\n<\/ol>\n\n\n\n<p>6.4<strong>. <\/strong>Dicha informaci\u00f3n s\u00f3lo se compartir\u00e1, de conformidad con la cl\u00e1usula 6.3 anterior, \u00fanicamente si:<\/p>\n\n\n\n<ol>\n<ol type=\"a\">\n   <li>Usted lo solicita espec\u00edficamente, por ejemplo, cuando env\u00eda informaci\u00f3n para preguntar sobre su inscripci\u00f3n en una iniciativa relevante.<\/li>\n   <br>\n   <li>Estamos obligados a hacerlo para cumplir con nuestras pol\u00edticas y procedimientos internos o la ley, o con la direcci\u00f3n de los tribunales u otras autoridades.<\/li>\n   <br>\n   <li>Consideramos que es razonablemente necesario para prevenir actividades ilegales o proteger nuestros intereses, como cuando alguien ha violado los <strong>Condiciones de uso del sitio web<\/strong>.<\/li>\n   <br>\n   <li>Designamos consultores, expertos y otros asesores para ayudar a la ESCUELA DIGITAL a cumplir con sus obligaciones y necesitamos compartir su informaci\u00f3n con ellos si es relevante para su trabajo.<\/li>\n   <br>\n   <li>Ayudamos a nuestros proveedores de servicios externos de confianza a proporcionarle y mejorar nuestro servicio o a realizar encuestas y an\u00e1lisis de usuarios para comprender sus necesidades y preferencias. Tambi\u00e9n compartiremos su informaci\u00f3n con proveedores de servicios de correo masivo, que alojan de forma segura los correos electr\u00f3nicos y act\u00faan como proveedores para distribuir nuestros boletines informativos. Exigimos a estos proveedores de servicios que mantengan su informaci\u00f3n personal segura y protegida. Estos terceros de confianza solo podr\u00e1n utilizar su informaci\u00f3n personal para los fines que especifiquemos.<\/li>\n   <br>\n<li>Tambi\u00e9n podemos compartir su informaci\u00f3n con los afiliados de la Escuela Digital.<\/li>\n   <br>\n<li>No alquilaremos ni venderemos sus datos personales a ninguna otra organizaci\u00f3n o persona. Podemos compartir algunas estad\u00edsticas m\u00e1s amplias e informaci\u00f3n de perfil de clientes con terceros, pero la mantendremos an\u00f3nima, por lo que no ser\u00e1 posible identificarlo a partir de esos datos.<\/li>\n<\/ol>\n<\/ol>\n\n\n\n<div style=\"height:20px\" aria-hidden=\"true\" class=\"wp-block-spacer\"><\/div>\n\n\n\n<p class=\"has-medium-font-size\"><strong>7<strong><strong><strong><strong><strong><strong><strong><strong>. <\/strong><\/strong><\/strong><\/strong><\/strong><\/strong><\/strong><\/strong>SUS DERECHOS Y OPCIONES EN MATERIA DE PROTECCI\u00d3N DE DATOS<\/strong><\/p>\n\n\n\n<p>7.1. Usted tiene ciertos derechos y opciones en relaci\u00f3n con los datos personales que recopilamos de usted.&nbsp;<\/p>\n\n\n\n<p>7.2. Retirada del consentimiento: tambi\u00e9n puede retirar cualquier consentimiento que nos haya proporcionado previamente en cualquier momento con efecto para el futuro comunic\u00e1ndose con nosotros, donde dicha retirada no afectar\u00e1 la legalidad de nuestro uso de su informaci\u00f3n en funci\u00f3n de su consentimiento antes de su retirada.<\/p>\n\n\n\n<p>7.3. De conformidad con la Legislaci\u00f3n de Protecci\u00f3n de Datos, usted tiene derecho a solicitar el acceso y la correcci\u00f3n o eliminaci\u00f3n de los Datos Personales que mantenemos sobre usted, o a solicitar la restricci\u00f3n de nuestro uso de esta informaci\u00f3n, seg\u00fan corresponda. Tambi\u00e9n tiene derecho a oponerse en cualquier momento al uso de sus Datos Personales para fines de marketing directo, incluida la elaboraci\u00f3n de perfiles relacionados con el marketing directo. Para todos los dem\u00e1s fines, usted puede oponerse en cualquier momento al uso de sus Datos Personales, por motivos relacionados con su situaci\u00f3n particular, de conformidad con la Legislaci\u00f3n de Protecci\u00f3n de Datos. Estos derechos pueden estar limitados en algunas circunstancias seg\u00fan la Legislaci\u00f3n de Protecci\u00f3n de Datos. Podemos tomar medidas razonables para verificar su identidad antes de otorgar acceso o realizar correcciones. Puede ejercer estos derechos comunic\u00e1ndose con nosotros como se indica a continuaci\u00f3n.<\/p>\n\n\n\n<p>7.4. De conformidad con la Legislaci\u00f3n de Protecci\u00f3n de Datos, usted tiene derecho a recibir, en un formato estructurado y legible por m\u00e1quina, los Datos Personales que nos haya facilitado sobre usted, con su consentimiento o en base a un contrato del que usted sea parte. Tambi\u00e9n tiene derecho a que dicha informaci\u00f3n sea transmitida a otro responsable del tratamiento, cuando sea t\u00e9cnicamente posible.<\/p>\n\n\n\n<p>7.5. Es posible que le solicitemos una prueba de su identidad antes de revelarle dicha informaci\u00f3n. Esto es para poder evitar el acceso no autorizado.<\/p>\n\n\n\n<div style=\"height:20px\" aria-hidden=\"true\" class=\"wp-block-spacer\"><\/div>\n\n\n\n<p class=\"has-medium-font-size\"><strong>8. OTRA INFORMACI\u00d3N IMPORTANTE<\/strong><\/p>\n\n\n\n<p><strong>8.1. Transferencias de datos<\/strong><\/p>\n\n\n\n<ol>\n<ol type=\"a\">\n   <li>No divulgamos los datos personales que recopilamos sobre usted, excepto en los casos descritos aqu\u00ed. Podemos compartir sus datos personales con:<\/li>\n\n<br>\n\n   <ol type=\"i\">\n      <li>Proveedores de servicios que prestan servicios en nuestro nombre seg\u00fan nuestras instrucciones. No autorizamos a estos proveedores de servicios a utilizar o divulgar la informaci\u00f3n, excepto cuando sea necesario para realizar servicios en nuestro nombre o cumplir con los requisitos legales. Algunos ejemplos de estos proveedores de servicios incluyen entidades que brindan alojamiento web y proveedores de servicios de pago; y.<\/li>\n      <br>\n      <li>Otros terceros con su consentimiento.<\/li>\n   <\/ol>\n\n<br>\n\n   <li>Cuando transfiramos su informaci\u00f3n a otros pa\u00edses, protegeremos dicha informaci\u00f3n de la manera descrita en esta Pol\u00edtica de privacidad y en las leyes de protecci\u00f3n de datos aplicables. Tambi\u00e9n hemos implementado las salvaguardas adecuadas para garantizar dicho nivel de protecci\u00f3n de datos al transferir sus datos personales.<\/li>\n<\/ol>\n<\/ol>\n\n\n\n<p><strong>8.2. Retenci\u00f3n de datos<\/strong> \u2013 Conservaremos sus Datos Personales durante el tiempo que consideremos necesario o apropiado, incluso para cumplir con la Legislaci\u00f3n de Protecci\u00f3n de Datos, resolver disputas y hacer cumplir nuestros acuerdos. Si desea recibir comunicaciones de marketing, conservaremos la informaci\u00f3n necesaria para enviarle estas comunicaciones una vez finalizada nuestra relaci\u00f3n con el cliente o tras su recopilaci\u00f3n, si es un cliente potencial. Para obtener informaci\u00f3n adicional sobre las pol\u00edticas de retenci\u00f3n de datos, comun\u00edquese con nosotros como se indica a continuaci\u00f3n.<\/p>\n\n\n\n<p><strong>8.3. C\u00f3mo protegemos los datos personales <\/strong>\u2013 La seguridad de sus Datos Personales es importante para nosotros. Seguimos los est\u00e1ndares generalmente aceptados de la industria para proteger los Datos Personales que se nos env\u00edan, tanto durante la transmisi\u00f3n como una vez que los recibimos. Nuestros Servicios utilizan medidas de seguridad t\u00e9cnicas y organizativas adecuadas para proteger sus Datos Personales. Las medidas utilizadas est\u00e1n dise\u00f1adas para proporcionar un nivel de seguridad adecuado al riesgo de procesamiento no autorizado o ilegal de sus Datos Personales. Lamentablemente, la transmisi\u00f3n de Datos Personales a trav\u00e9s de Internet no es completamente segura. Aunque haremos todo lo posible para proteger sus Datos Personales, no podemos garantizar la seguridad de sus Datos Personales transmitidos a nosotros a trav\u00e9s de nuestros Servicios. Cualquier transmisi\u00f3n se realiza bajo su propio riesgo. Una vez que hayamos recibido sus Datos Personales, utilizaremos procedimientos estrictos y funciones de seguridad para tratar de evitar el acceso no autorizado. Tenga en cuenta que ning\u00fan sitio web o servicio en l\u00ednea puede garantizarse como seguro y debe tomar precauciones razonables para proteger sus Datos Personales (por ejemplo, compartiendo Datos Personales solo con operadores de sitios web y otras plataformas digitales en las que conf\u00ede, manteniendo los datos de inicio de sesi\u00f3n seguros y confidenciales y utilizando software antivirus en sus dispositivos).<\/p>\n\n\n\n<p><strong>8.4. <strong>Enlaces a otros sitios web<\/strong> <\/strong>\u2013 Nuestro sitio web puede proporcionar enlaces a otros sitios web para su conveniencia e informaci\u00f3n. Estos sitios web pueden operar independientemente de nosotros. Los sitios vinculados pueden tener sus propios avisos o pol\u00edticas de privacidad, que le recomendamos encarecidamente que revise si visita cualquier sitio web vinculado. En la medida en que los sitios web vinculados que visite no sean de nuestra propiedad ni est\u00e9n controlados por nosotros, no somos responsables del contenido de los sitios, de ning\u00fan uso de los sitios ni de las pr\u00e1cticas de privacidad de los sitios.<\/p>\n\n\n\n<p><strong>8.5. <strong><strong>Galletas<\/strong><\/strong> <\/strong>\u2013 Utilizamos cookies en nuestro sitio web para mejorar su experiencia en la plataforma DEGA LMS; las cookies son necesarias.<\/p>\n\n\n\n<p><strong>8.6. <strong><strong><strong>Actualizaciones de nuestra pol\u00edtica de privacidad<\/strong><\/strong><\/strong> <\/strong>\u2013 esta Pol\u00edtica de privacidad puede actualizarse peri\u00f3dicamente para reflejar cambios en nuestras pr\u00e1cticas de privacidad.<\/p>\n\n\n\n<div style=\"height:100px\" aria-hidden=\"true\" class=\"wp-block-spacer\"><\/div>","protected":false},"excerpt":{"rendered":"<p>1. THE DIGITAL SCHOOL COMMITMENT 1.1. We, The DIGITAL SCHOOL, provide and manage The Digital Educator\u2019s Global Academy (DEGA) learning platform (our Services). 1.2. Our Services offer opportunities to interact with you in many different ways and when we interact with you, we may collect information from you including personal data.&nbsp; You trust us to [&hellip;]<\/p>","protected":false},"author":1,"featured_media":0,"parent":0,"menu_order":5,"comment_status":"closed","ping_status":"closed","template":"","meta":{"_acf_changed":false,"footnotes":""},"class_list":["post-5759","page","type-page","status-publish","hentry"],"acf":[],"_links":{"self":[{"href":"https:\/\/degastaging.memberhost.io\/es\/wp-json\/wp\/v2\/pages\/5759","targetHints":{"allow":["GET"]}}],"collection":[{"href":"https:\/\/degastaging.memberhost.io\/es\/wp-json\/wp\/v2\/pages"}],"about":[{"href":"https:\/\/degastaging.memberhost.io\/es\/wp-json\/wp\/v2\/types\/page"}],"author":[{"embeddable":true,"href":"https:\/\/degastaging.memberhost.io\/es\/wp-json\/wp\/v2\/users\/1"}],"replies":[{"embeddable":true,"href":"https:\/\/degastaging.memberhost.io\/es\/wp-json\/wp\/v2\/comments?post=5759"}],"version-history":[{"count":47,"href":"https:\/\/degastaging.memberhost.io\/es\/wp-json\/wp\/v2\/pages\/5759\/revisions"}],"predecessor-version":[{"id":5841,"href":"https:\/\/degastaging.memberhost.io\/es\/wp-json\/wp\/v2\/pages\/5759\/revisions\/5841"}],"wp:attachment":[{"href":"https:\/\/degastaging.memberhost.io\/es\/wp-json\/wp\/v2\/media?parent=5759"}],"curies":[{"name":"wp","href":"https:\/\/api.w.org\/{rel}","templated":true}]}}