{"id":5848,"date":"2024-02-21T15:52:43","date_gmt":"2024-02-21T22:52:43","guid":{"rendered":"http:\/\/degastaging.memberhost.io\/?page_id=5848"},"modified":"2024-02-28T13:20:11","modified_gmt":"2024-02-28T20:20:11","slug":"about","status":"publish","type":"page","link":"https:\/\/degastaging.memberhost.io\/es\/about\/","title":{"rendered":"Bienvenido a la Academia Global de Educadores Digitales"},"content":{"rendered":"<p>La Academia Global de Educadores Digitales (DEGA) es una iniciativa de <a href=\"#tds\" title=\"\">La escuela digital<\/a>, con la visi\u00f3n de desarrollar una comunidad global de educadores digitales capacitados y seguros.<br><br>DEGA ofrece a educadores de todo el mundo programas de aprendizaje personalizados y estructurados para desarrollar sus habilidades y competencias en la ense\u00f1anza y el aprendizaje digitales. Desarrollados en asociaci\u00f3n con la Universidad Estatal de Arizona, los programas de desarrollo profesional est\u00e1n alineados con los Est\u00e1ndares Nacionales para el Aprendizaje en L\u00ednea de Calidad.<br><br>Nuestro objetivo es desarrollar una comunidad de profesionales de la educaci\u00f3n, que tengan la confianza, las habilidades y el conocimiento para facilitar de manera efectiva la educaci\u00f3n digital en l\u00ednea autodirigida de los estudiantes, a trav\u00e9s de modelos de entrega remotos e h\u00edbridos, y que puedan compartir las mejores pr\u00e1cticas y discutir aplicaciones con sus pares en a nivel mundial, a trav\u00e9s de enfoques impulsados por la tecnolog\u00eda.<br><br>DEGA tambi\u00e9n tendr\u00e1 como objetivo influir en la comunidad educativa global a trav\u00e9s de la escalabilidad y nuevos modelos, el liderazgo intelectual, el establecimiento de est\u00e1ndares e influyendo en la pol\u00edtica y el acceso internacionales.<\/p>\n\n\n\n<h3 style=\"color:#452d8d\">La importancia de desarrollar capacidades digitales<\/h3>\n\n\n\n<p>La ense\u00f1anza y el aprendizaje eficaces respaldados por la tecnolog\u00eda ofrecen el potencial de mejorar la calidad y la relevancia de la educaci\u00f3n y brindan el potencial de apoyar el aprendizaje personalizado y hacer que el aprendizaje sea m\u00e1s efectivo para todos. El aprendizaje digital de alta calidad, inclusivo y accesible, si est\u00e1 respaldado por evidencia y vinculado a una pedagog\u00eda clara y probada, puede transformar las vidas de quienes no pueden acceder a la educaci\u00f3n general.<br><br>Sin embargo, la tecnolog\u00eda por s\u00ed sola no transformar\u00e1 el aprendizaje de los ni\u00f1os: es esencial dise\u00f1ar y ofrecer programas de transformaci\u00f3n respaldados por la tecnolog\u00eda de manera integral. Los docentes siguen siendo cruciales para el \u00e9xito de las iniciativas educativas. Las pr\u00e1cticas efectivas de aprendizaje combinado implican el uso de la tecnolog\u00eda junto con el aprendizaje y las interacciones cara a cara.<br><br>El \u00e9xito a la hora de lograr impactos globales para los estudiantes depende de profesionales de la educaci\u00f3n que tengan la confianza, las habilidades y la tecnolog\u00eda para brindar educaci\u00f3n digital de calidad. Por lo tanto, el desarrollo de capacidades y el desarrollo continuo de habilidades y competencias digitales en el personal docente es un factor central para lograr esos impactos en el aprendizaje.<\/p>\n\n\n\n<h3 style=\"color:#452d8d\">Cursos actuales<\/h3>\n\n\n\n<p><strong>Nivel 1: Orientaci\u00f3n \u2013 <u>C\u00f3mo utilizar TDS LMS<\/u><\/strong><\/p>\n\n\n\n<ul class=\"wp-block-list\">\n<li>\u00bfQu\u00e9 es un LMS?<\/li>\n\n\n\n<li>C\u00f3mo acceder al LMS<\/li>\n\n\n\n<li>Usando LMS para PD<\/li>\n\n\n\n<li>Usando LMS con tus estudiantes<\/li>\n\n\n\n<li>Certificado de finalizaci\u00f3n en l\u00ednea, a su propio ritmo<\/li>\n<\/ul>\n\n\n\n<p><strong>Nivel 2: Educador Digital \u2013 <u>Educar en un entorno online<\/u><\/strong><\/p>\n\n\n\n<ul class=\"wp-block-list\">\n<li>Conceptos b\u00e1sicos de la educaci\u00f3n digital<\/li>\n\n\n\n<li>La gesti\u00f3n del aula<\/li>\n\n\n\n<li>Instrucci\u00f3n en grupos peque\u00f1os y completos<\/li>\n\n\n\n<li>Seguridad cibern\u00e9tica<\/li>\n\n\n\n<li>Certificado de finalizaci\u00f3n en l\u00ednea, a su propio ritmo<\/li>\n<\/ul>\n\n\n\n<p><strong>Nivel 3: Apoyo a los estudiantes digitales autodirigidos<\/strong><\/p>\n\n\n\n<ul class=\"wp-block-list\">\n<li>El modelo de pedagog\u00eda escolar digital<\/li>\n\n\n\n<li>Planificaci\u00f3n<\/li>\n\n\n\n<li>Ense\u00f1ando<\/li>\n\n\n\n<li>evaluando<\/li>\n\n\n\n<li>Certificado de finalizaci\u00f3n en l\u00ednea, a su propio ritmo<\/li>\n<\/ul>\n\n\n\n<div style=\"height:30px\" aria-hidden=\"true\" class=\"wp-block-spacer\"><\/div>\n\n\n\n<hr style=\"height:1px; border:none; color:#000; background-color:#000;\">\n\n\n\n<div style=\"height:30px\" aria-hidden=\"true\" class=\"wp-block-spacer\"><\/div>\n\n\n\n<a id=\"tds\"><\/a><h3 style=\"color:#452d8d\">Acerca de la escuela digital<\/h3>\n\n\n\n<p>La Escuela Digital tiene como objetivo crear los medios para llegar a los estudiantes marginados y desatendidos, dondequiera que est\u00e9n y sin importar el contexto, para brindarles oportunidades de aprendizaje de calidad y brindarles el conocimiento, las habilidades y las competencias para que puedan prosperar en la sociedad del siglo XXI y dirigir encaminarlos hacia un futuro mejor.<br><br>Establecida por las Iniciativas Globales de Mohammad bin Rashid, la Escuela Digital es una escuela global, integrada en l\u00ednea e h\u00edbrida dirigida a aquellos en comunidades marginadas y de dif\u00edcil acceso: estudiantes que tal vez no hayan tenido acceso equitativo a oportunidades educativas y comunidades que enfrentan dificultades educativas, sociales. -Desaf\u00edos econ\u00f3micos y pol\u00edticos.<br><br>La Escuela Digital cree que una combinaci\u00f3n de tecnolog\u00eda de vanguardia, pedagog\u00eda innovadora y desarrollo de capacidades desempe\u00f1ar\u00e1 un papel central para apoyar y facilitar a los profesores, los estudiantes y el proceso de aprendizaje en general. Tiene una visi\u00f3n de un mundo donde los educadores tengan la confianza, las competencias y la motivaci\u00f3n para involucrar a los estudiantes en el aprendizaje, donde las tecnolog\u00edas digitales los capaciten para lograr resultados y donde los estudiantes desarrollen las habilidades para la vida que necesitar\u00e1n para prosperar, incluidas las socioemocionales y digitales. habilidades. Estas oportunidades educativas tendr\u00e1n calidad garantizada, ser\u00e1n seguras y asequibles para todos y accesibles para todos.<br><br>La Escuela Digital ha desarrollado un enfoque innovador para la ense\u00f1anza y el aprendizaje. Su modelo pedag\u00f3gico tiene como objetivo desarrollar la agencia de los estudiantes y sus habilidades de aprendizaje autodirigido combinando una variedad de pr\u00e1cticas de aprendizaje bien establecidas, basadas en investigaciones y centradas en el estudiante, en un ciclo de aprendizaje claramente definido. Su infraestructura, construida alrededor de la plataforma central de entrega de la Escuela Digital, est\u00e1 estructurada para respaldar completamente este modelo y facilitar el aprendizaje autodirigido de nuestros estudiantes.<\/p>\n\n\n\n<h3 style=\"color:#452d8d\">Navegando por la plataforma DEGA<\/h3>\n\n\n\n<ul class=\"wp-block-list\">\n<li>En su panel de control puede seleccionar los cursos que est\u00e1n &quot;En curso&quot; o &quot;Completados&quot;, junto con los certificados que haya obtenido, haciendo clic en los botones correspondientes.<\/li>\n<\/ul>\n\n\n\n<ul class=\"wp-block-list\">\n<li>Para regresar a su Panel de control en cualquier momento, puede hacer clic en el bot\u00f3n &quot;Panel de control&quot; en el men\u00fa en la parte superior de la pantalla.<\/li>\n<\/ul>\n\n\n\n<ul class=\"wp-block-list\">\n<li>Para ver o cambiar los detalles de su cuenta, incluida su contrase\u00f1a, puede hacer clic en el icono azul en la parte superior derecha de la pantalla.<\/li>\n<\/ul>\n\n\n\n<ul class=\"wp-block-list\">\n<li>Recuerda, puedes cambiar el idioma de los men\u00fas de la plataforma haciendo clic en el icono de la bandera en la parte inferior de la pantalla. Esto le dar\u00e1 la opci\u00f3n de \u00e1rabe, ingl\u00e9s, espa\u00f1ol y franc\u00e9s.<\/li>\n<\/ul>\n\n\n\n<div style=\"height:50px\" aria-hidden=\"true\" class=\"wp-block-spacer\"><\/div>","protected":false},"excerpt":{"rendered":"<p>The Digital Educator Global Academy (DEGA) is an initiative of The Digital School, with the vision of developing a global community of skilled and confident digital educators. DEGA provides educators across the world with tailored learning programmes structured to develop their skills and competencies in digital teaching and learning. Developed in association with Arizona State [&hellip;]<\/p>","protected":false},"author":1,"featured_media":0,"parent":0,"menu_order":1,"comment_status":"closed","ping_status":"closed","template":"","meta":{"_acf_changed":false,"footnotes":""},"class_list":["post-5848","page","type-page","status-publish","hentry"],"acf":[],"_links":{"self":[{"href":"https:\/\/degastaging.memberhost.io\/es\/wp-json\/wp\/v2\/pages\/5848","targetHints":{"allow":["GET"]}}],"collection":[{"href":"https:\/\/degastaging.memberhost.io\/es\/wp-json\/wp\/v2\/pages"}],"about":[{"href":"https:\/\/degastaging.memberhost.io\/es\/wp-json\/wp\/v2\/types\/page"}],"author":[{"embeddable":true,"href":"https:\/\/degastaging.memberhost.io\/es\/wp-json\/wp\/v2\/users\/1"}],"replies":[{"embeddable":true,"href":"https:\/\/degastaging.memberhost.io\/es\/wp-json\/wp\/v2\/comments?post=5848"}],"version-history":[{"count":20,"href":"https:\/\/degastaging.memberhost.io\/es\/wp-json\/wp\/v2\/pages\/5848\/revisions"}],"predecessor-version":[{"id":5922,"href":"https:\/\/degastaging.memberhost.io\/es\/wp-json\/wp\/v2\/pages\/5848\/revisions\/5922"}],"wp:attachment":[{"href":"https:\/\/degastaging.memberhost.io\/es\/wp-json\/wp\/v2\/media?parent=5848"}],"curies":[{"name":"wp","href":"https:\/\/api.w.org\/{rel}","templated":true}]}}