{"id":5759,"date":"2024-02-19T08:52:23","date_gmt":"2024-02-19T15:52:23","guid":{"rendered":"http:\/\/degastaging.memberhost.io\/?page_id=5759"},"modified":"2024-02-28T13:20:35","modified_gmt":"2024-02-28T20:20:35","slug":"privacy-policy","status":"publish","type":"page","link":"https:\/\/degastaging.memberhost.io\/fr\/privacy-policy\/","title":{"rendered":"politique de confidentialit\u00e9"},"content":{"rendered":"<div style=\"height:42px\" aria-hidden=\"true\" class=\"wp-block-spacer\"><\/div>\n\n\n\n<p class=\"has-medium-font-size\"><strong>1.<\/strong> <strong>L&#039;ENGAGEMENT DE L&#039;\u00c9COLE NUM\u00c9RIQUE<\/strong><\/p>\n\n\n\n<p>1.1. Nous, <strong>L&#039;\u00c9COLE NUM\u00c9RIQUE<\/strong>, fournir et g\u00e9rer la Global Academy de l&#039;\u00e9ducateur num\u00e9rique (<strong>D\u00c9GA<\/strong>) plateforme d&#039;apprentissage (notre <strong>Prestations de service<\/strong>).<\/p>\n\n\n\n<p>1.2. Nos services offrent des opportunit\u00e9s d&#039;interagir avec vous de diff\u00e9rentes mani\u00e8res et lorsque nous interagissons avec vous, nous pouvons collecter des informations vous concernant, y compris des donn\u00e9es personnelles. Vous nous faites confiance pour g\u00e9rer ces informations et nous nous engageons \u00e0 prot\u00e9ger vos droits et votre vie priv\u00e9e.<\/p>\n\n\n\n<p>1.3. Quand on fait r\u00e9f\u00e9rence \u00e0 <strong>L&#039;\u00c9COLE NUM\u00c9RIQUE, nous, nous<\/strong> et <strong>notre<\/strong>, nous entendons The Digital School, une organisation caritative \u00e0 but non lucratif, d\u00fbment \u00e9tablie en vertu des lois de Duba\u00ef et enregistr\u00e9e par le D\u00e9partement des activit\u00e9s caritatives des affaires islamiques sous le num\u00e9ro de licence de pratique A99, ayant son adresse principale au 49<sup>\u00e8me<\/sup> \u00e9tage, Emirates Towers, Sheikh Zayed Road, PO Box 211100, Duba\u00ef, \u00c9mirats arabes unis.<\/p>\n\n\n\n<p>1.4. Lorsque nous faisons r\u00e9f\u00e9rence \u00e0 l&#039;utilisateur, \u00e0 votre et \u00e0 vous, nous entendons les utilisateurs de nos Services ou les mineurs au nom desquels vous soumettez des donn\u00e9es personnelles.<\/p>\n\n\n\n<div style=\"height:20px\" aria-hidden=\"true\" class=\"wp-block-spacer\"><\/div>\n\n\n\n<p class=\"has-medium-font-size\"><strong>2. INTRODUCTION<\/strong><\/p>\n\n\n\n<p>2.1. Cette politique de confidentialit\u00e9 s&#039;applique \u00e0 votre utilisation de nos services.<\/p>\n\n\n\n<p>2.2. Lorsque nous faisons r\u00e9f\u00e9rence aux donn\u00e9es personnelles, nous entendons toute information sur un individu \u00e0 partir de laquelle cette personne peut \u00eatre identifi\u00e9e. Cela n\u2019inclut pas les donn\u00e9es dont l\u2019identit\u00e9 a \u00e9t\u00e9 supprim\u00e9e, appel\u00e9es donn\u00e9es anonymes.<\/p>\n\n\n\n<p>2.3. Cette politique de confidentialit\u00e9 explique comment nous collectons, stockons, traitons et utilisons vos donn\u00e9es personnelles dans le cadre de nos services. Il d\u00e9crit \u00e9galement les choix qui s&#039;offrent \u00e0 vous concernant notre utilisation de vos donn\u00e9es personnelles et la mani\u00e8re dont vous pouvez acc\u00e9der et mettre \u00e0 jour vos donn\u00e9es personnelles.<\/p>\n\n\n\n<p>2.4. Cette politique de confidentialit\u00e9 est conforme au d\u00e9cret f\u00e9d\u00e9ral \u2013 loi n\u00b0 45\/2021 sur la protection des donn\u00e9es personnelles (le <strong>\u00ab\u00a0L\u00e9gislation sur la protection des donn\u00e9es\u00a0\u00bb<\/strong>).<\/p>\n\n\n\n<div style=\"height:20px\" aria-hidden=\"true\" class=\"wp-block-spacer\"><\/div>\n\n\n\n<p class=\"has-medium-font-size\"><strong>3. TABLE DES MATI\u00c8RES<\/strong><\/p>\n\n\n\n<p>3.1. Type d&#039;informations que nous collectons<\/p>\n\n\n\n<p>3.2. Consentement<\/p>\n\n\n\n<p>3.3. Comment nous utilisons vos donn\u00e9es personnelles<\/p>\n\n\n\n<p>3.4. Vos droits et choix en mati\u00e8re de protection des donn\u00e9es<\/p>\n\n\n\n<p>3.5. Autres informations importantes<\/p>\n\n\n\n<div style=\"height:20px\" aria-hidden=\"true\" class=\"wp-block-spacer\"><\/div>\n\n\n\n<p class=\"has-medium-font-size\"><strong>4. TYPE D&#039;INFORMATIONS QUE NOUS COLLECTONS<\/strong><\/p>\n\n\n\n<p>4.1. Nous pouvons collecter et traiter les donn\u00e9es personnelles suivantes ou d&#039;autres informations vous concernant sous forme \u00e9lectronique et\/ou physique\u00a0:<\/p>\n\n\n\n<ol>\n<ol type=\"a\">\n   <li>Si vous souhaitez vous inscrire et\/ou vous inscrire \u00e0 l&#039;une de nos initiatives, les informations suivantes ci-dessous peuvent \u00eatre soumises par vous et collect\u00e9es\u00a0:<\/li>\n   <br>\n   <ol type=\"i\">\n      <li>Vos informations personnelles telles que les noms\u00a0; titre; adresse postale; adresse e-mail; num\u00e9ro de t\u00e9l\u00e9phone; dates de naissance; genre; informations sur la profession\u00a0; informations d&#039;identification \u00e9mises par le gouvernement\u00a0; informations sur les visas\u00a0; croyances religieuses; etc.;<\/li>\n      <br>\n\n      <li>Informations sur les admissions et les inscriptions, y compris vos informations professionnelles, y compris votre formation, les inscriptions et les r\u00e9ussites aux cours, en plus des donn\u00e9es d&#039;\u00e9valuation et de r\u00e9ussite\u00a0;<\/li>\n      <br>\n      <li>Informations sur votre ordinateur, y compris, le cas \u00e9ch\u00e9ant, l&#039;adresse IP de votre ordinateur\/serveur proxy que vous utilisez pour acc\u00e9der \u00e0 Internet, votre type de navigateur Web, le type d&#039;appareil mobile et le syst\u00e8me d&#039;exploitation de votre ordinateur, pour analyser les tendances parmi nos utilisateurs et contribuer \u00e0 am\u00e9liorer la plateforme.<\/li>\n   <\/ol>\n<\/ol>\n<\/ol>\n\n\n\n<div style=\"height:20px\" aria-hidden=\"true\" class=\"wp-block-spacer\"><\/div>\n\n\n\n<p class=\"has-medium-font-size\"><strong>5. CONSENTEMENT<\/strong><\/p>\n\n\n\n<p>5.1. En nous soumettant des informations, vous consentez \u00e0 notre collecte, stockage et traitement de vos informations conform\u00e9ment \u00e0 la pr\u00e9sente politique de confidentialit\u00e9. Vous avez le droit de demander que nous arr\u00eations tout traitement de vos informations personnelles bas\u00e9 sur le consentement apr\u00e8s avoir retir\u00e9 ce consentement.<\/p>\n\n\n\n<p>5.2. Vous avez le droit de nous demander de ne pas traiter vos informations personnelles \u00e0 des fins de marketing.<\/p>\n\n\n\n<div style=\"height:20px\" aria-hidden=\"true\" class=\"wp-block-spacer\"><\/div>\n\n\n\n<p class=\"has-medium-font-size\"><strong>6<strong><strong><strong><strong><strong>. <\/strong><\/strong><\/strong><\/strong><\/strong>COMMENT NOUS UTILISONS VOS DONN\u00c9ES PERSONNELLES<\/strong><\/p>\n\n\n\n<p>6.1. Nous utiliserons les informations que vous fournissez des mani\u00e8res suivantes et aux fins suivantes\u00a0:<\/p>\n\n\n\n<ol>\n<ol type=\"a\">\n   <li>Pour vous inscrire et r\u00e9pondre \u00e0 votre candidature<\/li>\n   <br>\n   <li>Pour vous fournir les services et fonctionnalit\u00e9s offerts via la plateforme et r\u00e9pondre \u00e0 vos demandes, y compris, mais sans s&#039;y limiter, communiquer avec vous au sujet de votre demande ou de votre utilisation du Site, des services ou des fonctionnalit\u00e9s.<\/li>\n   <br>\n   <li>Pour r\u00e9pondre ou donner suite \u00e0 vos commentaires et questions, et autrement fournir un service client.<\/li>\n   <br>\n   <li>Pour exploiter et am\u00e9liorer le Site, les services et les fonctionnalit\u00e9s et personnaliser votre exp\u00e9rience sur le Site, y compris les r\u00e9sultats de recherche et l&#039;affichage des promotions pertinentes.<\/li>\n   <br>\n   <li>Pour garantir que le Site est pr\u00e9sent\u00e9 de la mani\u00e8re la plus efficace pour vous et pour votre ordinateur.<\/li>\n   <br>\n   <li>Pour vous fournir les informations, produits ou services que vous nous demandez ou qui, selon nous, pourraient vous int\u00e9resser, sur la base des informations que nous collectons \u00e0 partir des cookies ou lorsque vous avez consenti \u00e0 \u00eatre contact\u00e9 \u00e0 de telles fins.<\/li>\n   <br>\n   <li>Pour discuter avec vous ou r\u00e9pondre \u00e0 vos demandes par e-mail ou via les formulaires de contact sur notre site Web\u00a0;<\/li>\n   <br>\n   <li>R\u00e9aliser occasionnellement des enqu\u00eates pour nous assurer que nous vous proposons ce qui vous int\u00e9resse.<\/li>\n   <br>\n   <li>Pour effectuer une analyse statistique.<\/li>\n   <br>\n   <li>Pour prot\u00e9ger, enqu\u00eater et dissuader toute activit\u00e9 frauduleuse, non autoris\u00e9e ou ill\u00e9gale, y compris lorsque nous le jugeons n\u00e9cessaire pour prot\u00e9ger nos int\u00e9r\u00eats.<\/li>\n   <br>\n   <li>Pour ex\u00e9cuter nos obligations d\u00e9coulant de tout contrat conclu entre vous et nous.<\/li>\n   <br>\n   <li>Pour vous permettre de participer \u00e0 toutes les fonctionnalit\u00e9s interactives du Site, lorsque vous choisissez de le faire.<\/li>\n   <br>\n   <li>Promouvoir les objectifs et les int\u00e9r\u00eats de l\u2019\u00c9cole num\u00e9rique, y compris la collecte de fonds et le marketing.<\/li>\n   <br>\n   <li>Vous envoyer du mat\u00e9riel promotionnel ou d&#039;autres communications marketing via divers canaux (par exemple par e-mail et sur les r\u00e9seaux sociaux) ;<\/li>\n   <br>\n   <li>Cr\u00e9ez et g\u00e9rez votre compte en ligne\u00a0;<\/li>\n   <br>\n   <li>Utiliser et communiquer avec vous sur nos pages de r\u00e9seaux sociaux ou applications mobiles\u00a0;<\/li>\n   <br>\n   <li>G\u00e9rer, \u00e9valuer et am\u00e9liorer notre entreprise (y compris d\u00e9velopper de nouveaux produits et services\u00a0; am\u00e9liorer et am\u00e9liorer nos services\u00a0; g\u00e9rer nos communications\u00a0; analyser nos produits\u00a0; effectuer des analyses de donn\u00e9es\u00a0; et ex\u00e9cuter la comptabilit\u00e9, l&#039;audit et d&#039;autres fonctions internes)\u00a0;<\/li>\n   <br>\n   <li>Pour vous informer des modifications apport\u00e9es \u00e0 nos services.<\/li>\n   <br>\n   <li>Avec votre consentement et dans la mesure permise par la loi applicable.<\/li>\n   <br>\n   <li>Respectez les exigences l\u00e9gales applicables, les normes industrielles pertinentes et nos politiques.<\/li>\n<\/ol>\n<\/ol>\n\n\n\n<p>6.2. Nous pouvons \u00e9galement utiliser les informations d&#039;autres mani\u00e8res pour lesquelles nous fournissons un avis sp\u00e9cifique au moment de la collecte. Les informations collect\u00e9es sont n\u00e9cessaires aux finalit\u00e9s expos\u00e9es ci-dessus. Sans ces informations, vous ne pourrez peut-\u00eatre pas profiter de certains de nos Services.<\/p>\n\n\n\n<p>6.3. Nous avons expos\u00e9 ci-dessous la base juridique de notre utilisation de vos donn\u00e9es personnelles. Nous utiliserons les informations que vous fournissez aux fins ci-dessus si\u00a0:<\/p>\n\n\n\n<ol>\n<ol type=\"a\">\n   <li>Il est n\u00e9cessaire d&#039;ex\u00e9cuter un contrat dont vous \u00eates partie (par exemple, pour traiter votre paiement et livrer les produits que vous avez command\u00e9s) ; ou<\/li>\n   <br>\n   <li>Nous avons obtenu votre consentement.<\/li>\n<\/ol>\n<\/ol>\n\n\n\n<p>6.4<strong>. <\/strong>Ces informations ne seront partag\u00e9es, conform\u00e9ment \u00e0 la clause 6.3 ci-dessus, que si\u00a0:<\/p>\n\n\n\n<ol>\n<ol type=\"a\">\n   <li>Vous le demandez sp\u00e9cifiquement, par exemple lorsque vous soumettez des informations pour vous renseigner sur votre inscription \u00e0 une initiative pertinente.<\/li>\n   <br>\n   <li>Nous sommes tenus de le faire pour nous conformer \u00e0 nos politiques et proc\u00e9dures internes ou \u00e0 la loi, ou aux instructions des tribunaux ou d&#039;autres autorit\u00e9s.<\/li>\n   <br>\n   <li>Nous estimons qu&#039;il est raisonnablement n\u00e9cessaire d&#039;emp\u00eacher toute activit\u00e9 ill\u00e9gale ou de prot\u00e9ger nos int\u00e9r\u00eats, par exemple lorsque quelqu&#039;un a viol\u00e9 les <strong>Conditions d&#039;utilisation du site Web<\/strong>.<\/li>\n   <br>\n   <li>Nous nommons des consultants, experts et autres conseillers pour aider l&#039;\u00c9COLE NUM\u00c9RIQUE \u00e0 remplir ses obligations et devons partager vos informations avec eux si elles sont pertinentes pour leur travail.<\/li>\n   <br>\n   <li>Il aide nos prestataires de services tiers de confiance \u00e0 vous fournir et \u00e0 am\u00e9liorer notre service ou \u00e0 mener des enqu\u00eates et des analyses d&#039;utilisateurs pour comprendre vos besoins et vos pr\u00e9f\u00e9rences. Nous partagerons \u00e9galement vos informations avec le fournisseur de services de courrier de masse, qui h\u00e9berge en toute s\u00e9curit\u00e9 les e-mails et agit en tant que fournisseur pour distribuer nos newsletters. Nous demandons \u00e0 ces prestataires de services de garder vos informations personnelles en s\u00e9curit\u00e9. Ces tiers de confiance ne seraient autoris\u00e9s \u00e0 utiliser vos informations personnelles qu&#039;aux fins que nous sp\u00e9cifions.<\/li>\n   <br>\n<li>Nous pouvons \u00e9galement partager vos informations avec les affili\u00e9s de Digital School.<\/li>\n   <br>\n<li>Nous ne louerons ni ne vendrons vos donn\u00e9es personnelles \u00e0 aucune autre organisation ou individu. Nous pouvons partager des statistiques plus larges et des informations de profilage des clients avec des tiers, mais nous les garderons anonymes afin que vous ne puissiez pas \u00eatre identifi\u00e9 \u00e0 partir de ces donn\u00e9es.<\/li>\n<\/ol>\n<\/ol>\n\n\n\n<div style=\"height:20px\" aria-hidden=\"true\" class=\"wp-block-spacer\"><\/div>\n\n\n\n<p class=\"has-medium-font-size\"><strong>7<strong><strong><strong><strong><strong><strong><strong><strong>. <\/strong><\/strong><\/strong><\/strong><\/strong><\/strong><\/strong><\/strong>VOS DROITS ET CHOIX DE PROTECTION DES DONN\u00c9ES<\/strong><\/p>\n\n\n\n<p>7.1. Vous disposez de certains droits et choix concernant les donn\u00e9es personnelles que nous collectons aupr\u00e8s de vous.&nbsp;<\/p>\n\n\n\n<p>7.2. Retrait du consentement \u2013 Vous pouvez \u00e9galement retirer tout consentement que vous nous avez pr\u00e9c\u00e9demment fourni \u00e0 tout moment avec effet pour l&#039;avenir en nous contactant, o\u00f9 ce retrait n&#039;affectera pas la lic\u00e9it\u00e9 de notre utilisation de vos informations sur la base de votre consentement avant son retrait.<\/p>\n\n\n\n<p>7.3. Sous r\u00e9serve de la l\u00e9gislation sur la protection des donn\u00e9es, vous avez le droit de demander l&#039;acc\u00e8s et la correction ou l&#039;effacement des donn\u00e9es personnelles que nous conservons \u00e0 votre sujet, ou de demander la restriction de notre utilisation de ces informations, le cas \u00e9ch\u00e9ant. Vous avez \u00e9galement le droit de vous opposer \u00e0 tout moment \u00e0 l\u2019utilisation de vos donn\u00e9es personnelles \u00e0 des fins de marketing direct, y compris le profilage li\u00e9 au marketing direct. \u00c0 toutes autres fins, vous pouvez \u00e0 tout moment vous opposer \u00e0 l\u2019utilisation de vos Donn\u00e9es Personnelles, pour des motifs tenant \u00e0 votre situation particuli\u00e8re, conform\u00e9ment \u00e0 la L\u00e9gislation sur la Protection des Donn\u00e9es. Ces droits peuvent \u00eatre limit\u00e9s dans certaines circonstances en vertu de la l\u00e9gislation sur la protection des donn\u00e9es. Nous pouvons prendre des mesures raisonnables pour v\u00e9rifier votre identit\u00e9 avant d&#039;accorder l&#039;acc\u00e8s ou d&#039;apporter des corrections. Vous pouvez exercer ces droits en nous contactant comme indiqu\u00e9 ci-dessous.<\/p>\n\n\n\n<p>7.4. Sous r\u00e9serve de la l\u00e9gislation sur la protection des donn\u00e9es, vous avez le droit de recevoir, dans un format structur\u00e9 et lisible par machine, les donn\u00e9es personnelles que vous nous avez fournies \u00e0 votre sujet, avec votre consentement ou sur la base d&#039;un contrat auquel vous \u00eates partie. Vous avez \u00e9galement le droit de faire transmettre ces informations \u00e0 un autre responsable du traitement, lorsque cela est techniquement possible.<\/p>\n\n\n\n<p>7.5. Nous pouvons demander une preuve de votre identit\u00e9 avant de vous divulguer ces informations. Nous pouvons ainsi emp\u00eacher tout acc\u00e8s non autoris\u00e9.<\/p>\n\n\n\n<div style=\"height:20px\" aria-hidden=\"true\" class=\"wp-block-spacer\"><\/div>\n\n\n\n<p class=\"has-medium-font-size\"><strong>8. AUTRES INFORMATIONS IMPORTANTES<\/strong><\/p>\n\n\n\n<p><strong>8.1. Transferts de donn\u00e9es<\/strong><\/p>\n\n\n\n<ol>\n<ol type=\"a\">\n   <li>Nous ne divulguons pas les donn\u00e9es personnelles que nous collectons \u00e0 votre sujet, sauf dans les cas d\u00e9crits ici. Nous pouvons partager vos donn\u00e9es personnelles avec\u00a0:<\/li>\n\n<br>\n\n   <ol type=\"i\">\n      <li>Les prestataires de services qui effectuent des services en notre nom sur la base de nos instructions. Nous n&#039;autorisons pas ces prestataires de services \u00e0 utiliser ou \u00e0 divulguer les informations, sauf si cela est n\u00e9cessaire pour ex\u00e9cuter des services en notre nom ou pour se conformer aux exigences l\u00e9gales. Des exemples de ces prestataires de services incluent des entit\u00e9s qui fournissent des prestataires de services d\u2019h\u00e9bergement Web et de paiement\u00a0; et.<\/li>\n      <br>\n      <li>Autres tiers avec votre consentement.<\/li>\n   <\/ol>\n\n<br>\n\n   <li>Lorsque nous transf\u00e9rons vos informations vers d&#039;autres pays, nous prot\u00e9gerons ces informations de la mani\u00e8re d\u00e9crite dans la pr\u00e9sente politique de confidentialit\u00e9 et dans les lois applicables en mati\u00e8re de protection des donn\u00e9es. Nous avons \u00e9galement mis en place des garanties appropri\u00e9es pour garantir un tel niveau de protection des donn\u00e9es lors du transfert de vos donn\u00e9es personnelles.<\/li>\n<\/ol>\n<\/ol>\n\n\n\n<p><strong>8.2. La conservation des donn\u00e9es<\/strong> \u2013 Nous conserverons vos donn\u00e9es personnelles aussi longtemps que nous le jugeons n\u00e9cessaire ou appropri\u00e9, notamment pour nous conformer \u00e0 la l\u00e9gislation sur la protection des donn\u00e9es, r\u00e9soudre les litiges et faire respecter nos accords. Si vous souhaitez recevoir des communications marketing, nous conserverons les informations n\u00e9cessaires pour vous adresser ces communications suite \u00e0 la fin de notre relation client ou suite \u00e0 leur collecte, si vous \u00eates un client potentiel. Pour plus d\u2019informations sur les politiques de conservation des donn\u00e9es, veuillez nous contacter comme indiqu\u00e9 ci-dessous.<\/p>\n\n\n\n<p><strong>8.3. Comment nous prot\u00e9geons les donn\u00e9es personnelles <\/strong>\u2013 La s\u00e9curit\u00e9 de vos donn\u00e9es personnelles est importante pour nous. Nous suivons les normes g\u00e9n\u00e9ralement accept\u00e9es de l&#039;industrie pour prot\u00e9ger les donn\u00e9es personnelles qui nous sont soumises, \u00e0 la fois pendant la transmission et une fois que nous les recevons. Nos Services utilisent des mesures de s\u00e9curit\u00e9 techniques et organisationnelles appropri\u00e9es pour prot\u00e9ger vos Donn\u00e9es Personnelles. Les mesures utilis\u00e9es sont con\u00e7ues pour fournir un niveau de s\u00e9curit\u00e9 adapt\u00e9 au risque de traitement non autoris\u00e9 ou illicite de vos Donn\u00e9es Personnelles. Malheureusement, la transmission de Donn\u00e9es Personnelles via Internet n\u2019est pas totalement s\u00e9curis\u00e9e. Bien que nous fassions de notre mieux pour prot\u00e9ger vos donn\u00e9es personnelles, nous ne pouvons pas garantir la s\u00e9curit\u00e9 de vos donn\u00e9es personnelles qui nous sont transmises via nos services. Toute transmission est \u00e0 vos propres risques. Une fois que nous aurons re\u00e7u vos donn\u00e9es personnelles, nous utiliserons des proc\u00e9dures et des fonctionnalit\u00e9s de s\u00e9curit\u00e9 strictes pour tenter d&#039;emp\u00eacher tout acc\u00e8s non autoris\u00e9. Veuillez noter qu&#039;aucun site Web ou service en ligne ne peut jamais \u00eatre garanti comme s\u00e9curis\u00e9 100% et vous devez prendre des pr\u00e9cautions raisonnables pour prot\u00e9ger vos donn\u00e9es personnelles (par exemple, en partageant vos donn\u00e9es personnelles uniquement avec les op\u00e9rateurs de sites Web et d&#039;autres plateformes num\u00e9riques en qui vous avez confiance, en conservant tout informations de connexion s\u00e9curis\u00e9es et confidentielles et en utilisant un logiciel antivirus sur vos appareils).<\/p>\n\n\n\n<p><strong>8.4. <strong>Liens vers d&#039;autres sites Web<\/strong> <\/strong>\u2013 notre site Web peut fournir des liens vers d\u2019autres sites Web pour votre commodit\u00e9 et votre information. Ces sites Web peuvent fonctionner ind\u00e9pendamment de nous. Les sites li\u00e9s peuvent avoir leurs propres avis ou politiques de confidentialit\u00e9, que nous vous sugg\u00e9rons fortement de consulter si vous visitez des sites Web li\u00e9s. Dans la mesure o\u00f9 les sites Web li\u00e9s que vous visitez ne nous appartiennent pas ou ne sont pas contr\u00f4l\u00e9s par nous, nous ne sommes pas responsables du contenu des sites, de toute utilisation des sites ou des pratiques de confidentialit\u00e9 des sites.<\/p>\n\n\n\n<p><strong>8.5. <strong><strong>Biscuits<\/strong><\/strong> <\/strong>\u2013 Nous utilisons des cookies sur notre site Internet pour am\u00e9liorer votre exp\u00e9rience sur la plateforme DEGA LMS ; les cookies sont n\u00e9cessaires.<\/p>\n\n\n\n<p><strong>8.6. <strong><strong><strong>Mises \u00e0 jour de notre politique de confidentialit\u00e9<\/strong><\/strong><\/strong> <\/strong>\u2013 cette politique de confidentialit\u00e9 peut \u00eatre mise \u00e0 jour p\u00e9riodiquement pour refl\u00e9ter les changements dans nos pratiques de confidentialit\u00e9.<\/p>\n\n\n\n<div style=\"height:100px\" aria-hidden=\"true\" class=\"wp-block-spacer\"><\/div>","protected":false},"excerpt":{"rendered":"<p>1. THE DIGITAL SCHOOL COMMITMENT 1.1. We, The DIGITAL SCHOOL, provide and manage The Digital Educator\u2019s Global Academy (DEGA) learning platform (our Services). 1.2. Our Services offer opportunities to interact with you in many different ways and when we interact with you, we may collect information from you including personal data.&nbsp; You trust us to [&hellip;]<\/p>","protected":false},"author":1,"featured_media":0,"parent":0,"menu_order":5,"comment_status":"closed","ping_status":"closed","template":"","meta":{"_acf_changed":false,"footnotes":""},"class_list":["post-5759","page","type-page","status-publish","hentry"],"acf":[],"_links":{"self":[{"href":"https:\/\/degastaging.memberhost.io\/fr\/wp-json\/wp\/v2\/pages\/5759","targetHints":{"allow":["GET"]}}],"collection":[{"href":"https:\/\/degastaging.memberhost.io\/fr\/wp-json\/wp\/v2\/pages"}],"about":[{"href":"https:\/\/degastaging.memberhost.io\/fr\/wp-json\/wp\/v2\/types\/page"}],"author":[{"embeddable":true,"href":"https:\/\/degastaging.memberhost.io\/fr\/wp-json\/wp\/v2\/users\/1"}],"replies":[{"embeddable":true,"href":"https:\/\/degastaging.memberhost.io\/fr\/wp-json\/wp\/v2\/comments?post=5759"}],"version-history":[{"count":47,"href":"https:\/\/degastaging.memberhost.io\/fr\/wp-json\/wp\/v2\/pages\/5759\/revisions"}],"predecessor-version":[{"id":5841,"href":"https:\/\/degastaging.memberhost.io\/fr\/wp-json\/wp\/v2\/pages\/5759\/revisions\/5841"}],"wp:attachment":[{"href":"https:\/\/degastaging.memberhost.io\/fr\/wp-json\/wp\/v2\/media?parent=5759"}],"curies":[{"name":"wp","href":"https:\/\/api.w.org\/{rel}","templated":true}]}}