{"id":5848,"date":"2024-02-21T15:52:43","date_gmt":"2024-02-21T22:52:43","guid":{"rendered":"http:\/\/degastaging.memberhost.io\/?page_id=5848"},"modified":"2024-02-28T13:20:11","modified_gmt":"2024-02-28T20:20:11","slug":"about","status":"publish","type":"page","link":"https:\/\/degastaging.memberhost.io\/fr\/about\/","title":{"rendered":"Bienvenue \u00e0 la Digital Educator Global Academy"},"content":{"rendered":"<p>La Digital Educator Global Academy (DEGA) est une initiative de <a href=\"#tds\" title=\"\">L&#039;\u00e9cole du num\u00e9rique<\/a>, avec la vision de d\u00e9velopper une communaut\u00e9 mondiale d\u2019\u00e9ducateurs num\u00e9riques comp\u00e9tents et confiants.<br><br>DEGA propose aux \u00e9ducateurs du monde entier des programmes d\u2019apprentissage sur mesure structur\u00e9s pour d\u00e9velopper leurs aptitudes et comp\u00e9tences en mati\u00e8re d\u2019enseignement et d\u2019apprentissage num\u00e9rique. D\u00e9velopp\u00e9s en association avec l&#039;Arizona State University, les programmes de d\u00e9veloppement professionnel sont align\u00e9s sur les normes nationales pour un apprentissage en ligne de qualit\u00e9.<br><br>Nous visons \u00e0 d\u00e9velopper une communaut\u00e9 de praticiens de l&#039;\u00e9ducation, qui ont la confiance, les comp\u00e9tences et les connaissances n\u00e9cessaires pour faciliter efficacement l&#039;\u00e9ducation num\u00e9rique en ligne autonome des \u00e9tudiants, via des mod\u00e8les de prestation \u00e0 distance et hybrides, et qui peuvent partager les meilleures pratiques et discuter des applications avec leurs pairs \u00e0 \u00e0 l\u2019\u00e9chelle mondiale, gr\u00e2ce \u00e0 des approches ax\u00e9es sur la technologie.<br><br>DEGA visera \u00e9galement \u00e0 influencer la communaut\u00e9 mondiale de l\u2019\u00e9ducation gr\u00e2ce \u00e0 l\u2019\u00e9volutivit\u00e9 et aux nouveaux mod\u00e8les, \u00e0 un leadership \u00e9clair\u00e9, \u00e0 l\u2019\u00e9tablissement de normes et en influen\u00e7ant la politique et l\u2019acc\u00e8s internationaux.<\/p>\n\n\n\n<h3 style=\"color:#452d8d\">L\u2019importance de d\u00e9velopper les capacit\u00e9s num\u00e9riques<\/h3>\n\n\n\n<p>Un enseignement et un apprentissage efficaces soutenus par la technologie offrent le potentiel d\u2019am\u00e9liorer la qualit\u00e9 et la pertinence de l\u2019\u00e9ducation et offrent le potentiel de soutenir l\u2019apprentissage personnalis\u00e9 et de rendre l\u2019apprentissage plus efficace pour tous. Un apprentissage num\u00e9rique de haute qualit\u00e9, inclusif et accessible, s\u2019il est \u00e9tay\u00e9 par des donn\u00e9es probantes et li\u00e9 \u00e0 une p\u00e9dagogie claire et \u00e9prouv\u00e9e, peut transformer la vie de ceux qui n\u2019ont pas acc\u00e8s \u00e0 l\u2019\u00e9ducation ordinaire.<br><br>Cependant, la technologie \u00e0 elle seule ne transformera pas l&#039;apprentissage des enfants : il est essentiel de concevoir et de mettre en \u0153uvre des programmes de transformation soutenus par la technologie de mani\u00e8re globale. Les enseignants restent essentiels au succ\u00e8s des initiatives \u00e9ducatives. Les pratiques d\u2019apprentissage mixte efficaces impliquent l\u2019utilisation de la technologie parall\u00e8lement \u00e0 l\u2019apprentissage et aux interactions en face \u00e0 face.<br><br>La r\u00e9ussite dans l\u2019obtention d\u2019un impact mondial pour les apprenants d\u00e9pend des praticiens de l\u2019\u00e9ducation qui ont la confiance, les comp\u00e9tences et la technologie n\u00e9cessaires pour dispenser une \u00e9ducation num\u00e9rique de qualit\u00e9. Le renforcement des capacit\u00e9s et le d\u00e9veloppement continu des aptitudes et comp\u00e9tences num\u00e9riques du personnel enseignant constituent donc un facteur essentiel pour obtenir ces impacts en mati\u00e8re d\u2019apprentissage.<\/p>\n\n\n\n<h3 style=\"color:#452d8d\">Cours actuels<\/h3>\n\n\n\n<p><strong>Niveau 1 : Orientation \u2013 <u>Comment utiliser TDS LMS<\/u><\/strong><\/p>\n\n\n\n<ul class=\"wp-block-list\">\n<li>Qu&#039;est-ce qu&#039;un LMS<\/li>\n\n\n\n<li>Comment acc\u00e9der au LMS<\/li>\n\n\n\n<li>Utiliser LMS pour PD<\/li>\n\n\n\n<li>Utiliser LMS avec vos \u00e9tudiants<\/li>\n\n\n\n<li>Certificat d&#039;ach\u00e8vement en ligne, \u00e0 votre rythme<\/li>\n<\/ul>\n\n\n\n<p><strong>Niveau 2 : \u00c9ducateur num\u00e9rique \u2013 <u>\u00c9duquer dans un environnement en ligne<\/u><\/strong><\/p>\n\n\n\n<ul class=\"wp-block-list\">\n<li>Les bases de l&#039;\u00e9cole num\u00e9rique<\/li>\n\n\n\n<li>Gestion de classe<\/li>\n\n\n\n<li>Enseignement en groupe entier ou en petits groupes<\/li>\n\n\n\n<li>Cybers\u00e9curit\u00e9<\/li>\n\n\n\n<li>Certificat d&#039;ach\u00e8vement en ligne, \u00e0 votre rythme<\/li>\n<\/ul>\n\n\n\n<p><strong>Niveau 3\u00a0: Soutenir les apprenants num\u00e9riques autonomes<\/strong><\/p>\n\n\n\n<ul class=\"wp-block-list\">\n<li>Le mod\u00e8le p\u00e9dagogique de l\u2019\u00e9cole num\u00e9rique<\/li>\n\n\n\n<li>Planification<\/li>\n\n\n\n<li>Enseignement<\/li>\n\n\n\n<li>\u00c9valuer<\/li>\n\n\n\n<li>Certificat d&#039;ach\u00e8vement en ligne, \u00e0 votre rythme<\/li>\n<\/ul>\n\n\n\n<div style=\"height:30px\" aria-hidden=\"true\" class=\"wp-block-spacer\"><\/div>\n\n\n\n<hr style=\"height:1px; border:none; color:#000; background-color:#000;\">\n\n\n\n<div style=\"height:30px\" aria-hidden=\"true\" class=\"wp-block-spacer\"><\/div>\n\n\n\n<a id=\"tds\"><\/a><h3 style=\"color:#452d8d\">\u00c0 propos de l\u2019\u00c9cole du Num\u00e9rique<\/h3>\n\n\n\n<p>L&#039;\u00c9cole num\u00e9rique vise \u00e0 cr\u00e9er les moyens d&#039;atteindre les apprenants marginalis\u00e9s et mal desservis, o\u00f9 qu&#039;ils se trouvent et quel que soit le contexte, afin de leur offrir des opportunit\u00e9s d&#039;apprentissage de qualit\u00e9 et de leur fournir les connaissances, les aptitudes et les comp\u00e9tences qui leur permettront de s&#039;\u00e9panouir dans la soci\u00e9t\u00e9 du 21e si\u00e8cle et de les diriger. vers un avenir meilleur.<br><br>Cr\u00e9\u00e9e par les initiatives mondiales de Mohammad bin Rashid, l&#039;\u00e9cole num\u00e9rique est une \u00e9cole mondiale, int\u00e9gr\u00e9e en ligne et hybride ciblant les personnes issues de communaut\u00e9s marginalis\u00e9es et difficiles \u00e0 atteindre : les \u00e9tudiants qui n&#039;ont peut-\u00eatre pas eu un acc\u00e8s \u00e9quitable aux opportunit\u00e9s \u00e9ducatives et les communaut\u00e9s confront\u00e9es \u00e0 des probl\u00e8mes \u00e9ducatifs, socio-\u00e9conomiques. -les d\u00e9fis \u00e9conomiques et politiques.<br><br>L&#039;\u00c9cole num\u00e9rique estime qu&#039;une combinaison de technologie de pointe, de p\u00e9dagogie innovante et de d\u00e9veloppement des capacit\u00e9s jouera un r\u00f4le central pour soutenir et faciliter les enseignants, les \u00e9tudiants et le processus d&#039;apprentissage de mani\u00e8re plus large. Il a une vision d&#039;un monde o\u00f9 les \u00e9ducateurs ont la confiance, les comp\u00e9tences et la motivation n\u00e9cessaires pour impliquer les \u00e9l\u00e8ves dans l&#039;apprentissage, o\u00f9 les technologies num\u00e9riques leur permettent de r\u00e9ussir et o\u00f9 les \u00e9l\u00e8ves d\u00e9veloppent les comp\u00e9tences de vie dont ils auront besoin pour prosp\u00e9rer, notamment socio-\u00e9motionnelles et num\u00e9riques. comp\u00e9tences. Ces opportunit\u00e9s \u00e9ducatives seront de qualit\u00e9 garantie, s\u00fbres, abordables pour tous et accessibles \u00e0 tous.<br><br>L\u2019\u00c9cole Num\u00e9rique a d\u00e9velopp\u00e9 une approche innovante de l\u2019enseignement et de l\u2019apprentissage. Son mod\u00e8le p\u00e9dagogique vise \u00e0 d\u00e9velopper les capacit\u00e9s d&#039;action et d&#039;apprentissage autonome des \u00e9tudiants en m\u00e9langeant une gamme de pratiques d&#039;apprentissage bien \u00e9tablies, bas\u00e9es sur la recherche et centr\u00e9es sur l&#039;\u00e9tudiant, dans un cycle d&#039;apprentissage clairement d\u00e9fini. Son infrastructure, construite autour de la plate-forme de prestation de base de l&#039;\u00c9cole num\u00e9rique, est structur\u00e9e pour soutenir pleinement ce mod\u00e8le et faciliter l&#039;apprentissage autonome de nos \u00e9tudiants.<\/p>\n\n\n\n<h3 style=\"color:#452d8d\">Naviguer sur la plateforme DEGA<\/h3>\n\n\n\n<ul class=\"wp-block-list\">\n<li>Sur votre tableau de bord, vous pouvez s\u00e9lectionner les cours \u00ab\u00a0En cours\u00a0\u00bb ou \u00ab\u00a0Termin\u00e9s\u00a0\u00bb, ainsi que les certificats que vous avez obtenus, en cliquant sur les boutons correspondants.<\/li>\n<\/ul>\n\n\n\n<ul class=\"wp-block-list\">\n<li>Pour revenir \u00e0 votre tableau de bord \u00e0 tout moment, vous pouvez cliquer sur le bouton \u00ab Tableau de bord \u00bb dans le menu en haut de l&#039;\u00e9cran.<\/li>\n<\/ul>\n\n\n\n<ul class=\"wp-block-list\">\n<li>Pour afficher ou modifier les d\u00e9tails de votre compte, y compris votre mot de passe, vous pouvez cliquer sur l&#039;ic\u00f4ne bleue en haut \u00e0 droite de l&#039;\u00e9cran.<\/li>\n<\/ul>\n\n\n\n<ul class=\"wp-block-list\">\n<li>N&#039;oubliez pas que vous pouvez changer la langue des menus de la plateforme en cliquant sur l&#039;ic\u00f4ne en forme de drapeau en bas de l&#039;\u00e9cran. Cela vous donnera le choix entre l\u2019arabe, l\u2019anglais, l\u2019espagnol et le fran\u00e7ais.<\/li>\n<\/ul>\n\n\n\n<div style=\"height:50px\" aria-hidden=\"true\" class=\"wp-block-spacer\"><\/div>","protected":false},"excerpt":{"rendered":"<p>La Digital Educator Global Academy (DEGA) est une initiative de The Digital School, avec la vision de d\u00e9velopper une communaut\u00e9 mondiale d\u2019\u00e9ducateurs num\u00e9riques comp\u00e9tents et confiants. DEGA propose aux \u00e9ducateurs du monde entier des programmes d\u2019apprentissage sur mesure structur\u00e9s pour d\u00e9velopper leurs aptitudes et comp\u00e9tences en mati\u00e8re d\u2019enseignement et d\u2019apprentissage num\u00e9rique. D\u00e9velopp\u00e9 en association avec l&#039;\u00c9tat de l&#039;Arizona [\u2026]<\/p>","protected":false},"author":1,"featured_media":0,"parent":0,"menu_order":1,"comment_status":"closed","ping_status":"closed","template":"","meta":{"_acf_changed":false,"footnotes":""},"class_list":["post-5848","page","type-page","status-publish","hentry"],"acf":[],"_links":{"self":[{"href":"https:\/\/degastaging.memberhost.io\/fr\/wp-json\/wp\/v2\/pages\/5848","targetHints":{"allow":["GET"]}}],"collection":[{"href":"https:\/\/degastaging.memberhost.io\/fr\/wp-json\/wp\/v2\/pages"}],"about":[{"href":"https:\/\/degastaging.memberhost.io\/fr\/wp-json\/wp\/v2\/types\/page"}],"author":[{"embeddable":true,"href":"https:\/\/degastaging.memberhost.io\/fr\/wp-json\/wp\/v2\/users\/1"}],"replies":[{"embeddable":true,"href":"https:\/\/degastaging.memberhost.io\/fr\/wp-json\/wp\/v2\/comments?post=5848"}],"version-history":[{"count":20,"href":"https:\/\/degastaging.memberhost.io\/fr\/wp-json\/wp\/v2\/pages\/5848\/revisions"}],"predecessor-version":[{"id":5922,"href":"https:\/\/degastaging.memberhost.io\/fr\/wp-json\/wp\/v2\/pages\/5848\/revisions\/5922"}],"wp:attachment":[{"href":"https:\/\/degastaging.memberhost.io\/fr\/wp-json\/wp\/v2\/media?parent=5848"}],"curies":[{"name":"wp","href":"https:\/\/api.w.org\/{rel}","templated":true}]}}